{"id":269,"date":"2021-10-12T14:54:28","date_gmt":"2021-10-12T14:54:28","guid":{"rendered":"http:\/\/tbn.pracht-uebersetzungen.de\/impressum"},"modified":"2026-02-17T07:53:21","modified_gmt":"2026-02-17T07:53:21","slug":"impressum","status":"publish","type":"page","link":"https:\/\/www.pracht-uebersetzungen.de\/fr\/impressum","title":{"rendered":"Mentions l\u00e9gales"},"content":{"rendered":"<div class=\"fusion-fullwidth fullwidth-box fusion-builder-row-1 fusion-flex-container nonhundred-percent-fullwidth non-hundred-percent-height-scrolling\" style=\"--awb-border-radius-top-left:0px;--awb-border-radius-top-right:0px;--awb-border-radius-bottom-right:0px;--awb-border-radius-bottom-left:0px;--awb-flex-wrap:wrap;\" ><div class=\"fusion-builder-row fusion-row fusion-flex-align-items-flex-start fusion-flex-content-wrap\" style=\"max-width:1248px;margin-left: calc(-4% \/ 2 );margin-right: calc(-4% \/ 2 );\"><div class=\"fusion-layout-column fusion_builder_column fusion-builder-column-0 fusion_builder_column_2_3 2_3 fusion-flex-column\" style=\"--awb-padding-right:25px;--awb-bg-size:cover;--awb-border-color:#0046a3;--awb-border-right:2px;--awb-border-style:solid;--awb-width-large:66.666666666667%;--awb-margin-top-large:0px;--awb-spacing-right-large:2.88%;--awb-margin-bottom-large:20px;--awb-spacing-left-large:2.88%;--awb-width-medium:66.666666666667%;--awb-order-medium:0;--awb-spacing-right-medium:2.88%;--awb-spacing-left-medium:2.88%;--awb-width-small:100%;--awb-order-small:0;--awb-spacing-right-small:1.92%;--awb-spacing-left-small:1.92%;\"><div class=\"fusion-column-wrapper fusion-column-has-shadow fusion-flex-justify-content-space-evenly fusion-content-layout-column\"><div class=\"fusion-text fusion-text-1\"><h4>Mentions l\u00e9gales<\/h4>\n<p>Informations fournies en vertu de l&rsquo;article 5 de la Loi allemande sur les t\u00e9l\u00e9m\u00e9dias (Telemediengesetz, TMG)<\/p>\n<h5>Adresse postale\u00a0:<\/h5>\n<p>Ingrid Pracht<br \/>\nZ\u00fcricher Stra\u00dfe 7<br \/>\nD-90431 N\u00fcrnberg<\/p>\n<h5>T\u00e9l\u00e9phone, fax et e-mail\u00a0:<\/h5>\n<p>T\u00e9l\u00e9phone\u00a0: +49 9133 5351<br \/>\nTelefax\u00a0: +49 9133 5313<br \/>\nE-Mail\u00a0: <a href=\"mailto:info@pracht-uebersetzungen.de\">info@pracht-uebersetzungen.de<\/a><\/p>\n<h5>N\u00b0 de TVA<\/h5>\n<p>N\u00b0 de TVA intracommunautaire : DE 236473008<\/p>\n<h5>R\u00e8glement des litiges \/ Conseil d\u2019arbitrage des consommateurs<\/h5>\n<p>Nous ne sommes ni oblig\u00e9s ni dispos\u00e9s \u00e0 participer \u00e0 une proc\u00e9dure de r\u00e8glement des litiges devant un conseil d&rsquo;arbitrage des consommateurs.<\/p>\n<\/div><\/div><\/div><div class=\"fusion-layout-column fusion_builder_column fusion-builder-column-1 fusion_builder_column_1_3 1_3 fusion-flex-column\" style=\"--awb-padding-top:2%;--awb-padding-right:2%;--awb-padding-bottom:2%;--awb-padding-left:2%;--awb-bg-color:#ffffff;--awb-bg-color-hover:#ffffff;--awb-bg-size:cover;--awb-border-color:#0046a3;--awb-border-style:solid;--awb-width-large:33.333333333333%;--awb-margin-top-large:50px;--awb-spacing-right-large:5.76%;--awb-margin-bottom-large:20px;--awb-spacing-left-large:5.76%;--awb-width-medium:33.333333333333%;--awb-order-medium:0;--awb-spacing-right-medium:5.76%;--awb-spacing-left-medium:5.76%;--awb-width-small:100%;--awb-order-small:0;--awb-spacing-right-small:1.92%;--awb-spacing-left-small:1.92%;\"><div class=\"fusion-column-wrapper fusion-column-has-shadow fusion-flex-justify-content-flex-start fusion-content-layout-column\"><div class=\"fusion-builder-row fusion-builder-row-inner fusion-row fusion-flex-align-items-flex-start fusion-flex-content-wrap\" style=\"--awb-flex-grow:0;--awb-flex-grow-medium:0;--awb-flex-grow-small:0;--awb-flex-shrink:0;--awb-flex-shrink-medium:0;--awb-flex-shrink-small:0;width:104% !important;max-width:104% !important;margin-left: calc(-4% \/ 2 );margin-right: calc(-4% \/ 2 );\"><div class=\"fusion-layout-column fusion_builder_column_inner fusion-builder-nested-column-0 fusion_builder_column_inner_1_6 1_6 fusion-flex-column\" style=\"--awb-bg-size:cover;--awb-width-large:16.666666666667%;--awb-margin-top-large:0px;--awb-spacing-right-large:11.52%;--awb-margin-bottom-large:20px;--awb-spacing-left-large:11.52%;--awb-width-medium:16.666666666667%;--awb-order-medium:0;--awb-spacing-right-medium:11.52%;--awb-spacing-left-medium:11.52%;--awb-width-small:100%;--awb-order-small:0;--awb-spacing-right-small:1.92%;--awb-spacing-left-small:1.92%;\"><div class=\"fusion-column-wrapper fusion-column-has-shadow fusion-flex-justify-content-flex-start fusion-content-layout-column\"><div class=\"fusion-image-element \" style=\"--awb-caption-title-font-family:var(--h2_typography-font-family);--awb-caption-title-font-weight:var(--h2_typography-font-weight);--awb-caption-title-font-style:var(--h2_typography-font-style);--awb-caption-title-size:var(--h2_typography-font-size);--awb-caption-title-transform:var(--h2_typography-text-transform);--awb-caption-title-line-height:var(--h2_typography-line-height);--awb-caption-title-letter-spacing:var(--h2_typography-letter-spacing);\"><span class=\" fusion-imageframe imageframe-none imageframe-1 hover-type-none\"><img decoding=\"async\" width=\"119\" height=\"71\" alt=\"Deutsche Flagge \u2013 Schwarz, Rot, Gold\" title=\"DE_final\" src=\"data:image\/svg+xml,%3Csvg%20xmlns%3D%27http%3A%2F%2Fwww.w3.org%2F2000%2Fsvg%27%20width%3D%27119%27%20height%3D%2771%27%20viewBox%3D%270%200%20119%2071%27%3E%3Crect%20width%3D%27119%27%20height%3D%2771%27%20fill-opacity%3D%220%22%2F%3E%3C%2Fsvg%3E\" data-orig-src=\"https:\/\/www.pracht-uebersetzungen.de\/wp-content\/uploads\/2021\/10\/DE_final.png\" class=\"lazyload img-responsive wp-image-45\"\/><\/span><\/div><\/div><\/div><div class=\"fusion-layout-column fusion_builder_column_inner fusion-builder-nested-column-1 fusion_builder_column_inner_5_6 5_6 fusion-flex-column\" style=\"--awb-bg-size:cover;--awb-width-large:83.333333333333%;--awb-margin-top-large:0px;--awb-spacing-right-large:2.304%;--awb-margin-bottom-large:20px;--awb-spacing-left-large:2.304%;--awb-width-medium:83.333333333333%;--awb-order-medium:0;--awb-spacing-right-medium:2.304%;--awb-spacing-left-medium:2.304%;--awb-width-small:100%;--awb-order-small:0;--awb-spacing-right-small:1.92%;--awb-spacing-left-small:1.92%;\"><div class=\"fusion-column-wrapper fusion-column-has-shadow fusion-flex-justify-content-flex-start fusion-content-layout-column\"><div class=\"fusion-text fusion-text-2\"><p>Fach\u00fcbersetzungen, Dolmetschen, Sprachschulungen, Bewerbungen<\/p>\n<\/div><\/div><\/div><\/div><div class=\"fusion-builder-row fusion-builder-row-inner fusion-row fusion-flex-align-items-flex-start fusion-flex-content-wrap\" style=\"--awb-flex-grow:0;--awb-flex-grow-medium:0;--awb-flex-grow-small:0;--awb-flex-shrink:0;--awb-flex-shrink-medium:0;--awb-flex-shrink-small:0;width:104% !important;max-width:104% !important;margin-left: calc(-4% \/ 2 );margin-right: calc(-4% \/ 2 );\"><div class=\"fusion-layout-column fusion_builder_column_inner fusion-builder-nested-column-2 fusion_builder_column_inner_1_6 1_6 fusion-flex-column\" style=\"--awb-bg-size:cover;--awb-width-large:16.666666666667%;--awb-margin-top-large:0px;--awb-spacing-right-large:11.52%;--awb-margin-bottom-large:20px;--awb-spacing-left-large:11.52%;--awb-width-medium:16.666666666667%;--awb-order-medium:0;--awb-spacing-right-medium:11.52%;--awb-spacing-left-medium:11.52%;--awb-width-small:100%;--awb-order-small:0;--awb-spacing-right-small:1.92%;--awb-spacing-left-small:1.92%;\"><div class=\"fusion-column-wrapper fusion-column-has-shadow fusion-flex-justify-content-flex-start fusion-content-layout-column\"><div class=\"fusion-image-element \" style=\"--awb-caption-title-font-family:var(--h2_typography-font-family);--awb-caption-title-font-weight:var(--h2_typography-font-weight);--awb-caption-title-font-style:var(--h2_typography-font-style);--awb-caption-title-size:var(--h2_typography-font-size);--awb-caption-title-transform:var(--h2_typography-text-transform);--awb-caption-title-line-height:var(--h2_typography-line-height);--awb-caption-title-letter-spacing:var(--h2_typography-letter-spacing);\"><span class=\" fusion-imageframe imageframe-none imageframe-2 hover-type-none\"><img decoding=\"async\" width=\"119\" height=\"71\" alt=\"Kombinierte Flagge der USA und des Vereinigten K\u00f6nigreichs \u2013 Symbol f\u00fcr die englische Sprache\" title=\"EN_final\" src=\"data:image\/svg+xml,%3Csvg%20xmlns%3D%27http%3A%2F%2Fwww.w3.org%2F2000%2Fsvg%27%20width%3D%27119%27%20height%3D%2771%27%20viewBox%3D%270%200%20119%2071%27%3E%3Crect%20width%3D%27119%27%20height%3D%2771%27%20fill-opacity%3D%220%22%2F%3E%3C%2Fsvg%3E\" data-orig-src=\"https:\/\/www.pracht-uebersetzungen.de\/wp-content\/uploads\/2021\/10\/EN_final.png\" class=\"lazyload img-responsive wp-image-48\"\/><\/span><\/div><\/div><\/div><div class=\"fusion-layout-column fusion_builder_column_inner fusion-builder-nested-column-3 fusion_builder_column_inner_5_6 5_6 fusion-flex-column\" style=\"--awb-bg-size:cover;--awb-width-large:83.333333333333%;--awb-margin-top-large:0px;--awb-spacing-right-large:2.304%;--awb-margin-bottom-large:20px;--awb-spacing-left-large:2.304%;--awb-width-medium:83.333333333333%;--awb-order-medium:0;--awb-spacing-right-medium:2.304%;--awb-spacing-left-medium:2.304%;--awb-width-small:100%;--awb-order-small:0;--awb-spacing-right-small:1.92%;--awb-spacing-left-small:1.92%;\"><div class=\"fusion-column-wrapper fusion-column-has-shadow fusion-flex-justify-content-flex-start fusion-content-layout-column\"><div class=\"fusion-text fusion-text-3\"><p>Specialist translation services, business interpretation services, language training, job applications<\/p>\n<\/div><\/div><\/div><\/div><div class=\"fusion-builder-row fusion-builder-row-inner fusion-row fusion-flex-align-items-flex-start fusion-flex-content-wrap\" style=\"--awb-flex-grow:0;--awb-flex-grow-medium:0;--awb-flex-grow-small:0;--awb-flex-shrink:0;--awb-flex-shrink-medium:0;--awb-flex-shrink-small:0;width:104% !important;max-width:104% !important;margin-left: calc(-4% \/ 2 );margin-right: calc(-4% \/ 2 );\"><div class=\"fusion-layout-column fusion_builder_column_inner fusion-builder-nested-column-4 fusion_builder_column_inner_1_6 1_6 fusion-flex-column\" style=\"--awb-bg-size:cover;--awb-width-large:16.666666666667%;--awb-margin-top-large:0px;--awb-spacing-right-large:11.52%;--awb-margin-bottom-large:20px;--awb-spacing-left-large:11.52%;--awb-width-medium:16.666666666667%;--awb-order-medium:0;--awb-spacing-right-medium:11.52%;--awb-spacing-left-medium:11.52%;--awb-width-small:100%;--awb-order-small:0;--awb-spacing-right-small:1.92%;--awb-spacing-left-small:1.92%;\"><div class=\"fusion-column-wrapper fusion-column-has-shadow fusion-flex-justify-content-flex-start fusion-content-layout-column\"><div class=\"fusion-image-element \" style=\"--awb-caption-title-font-family:var(--h2_typography-font-family);--awb-caption-title-font-weight:var(--h2_typography-font-weight);--awb-caption-title-font-style:var(--h2_typography-font-style);--awb-caption-title-size:var(--h2_typography-font-size);--awb-caption-title-transform:var(--h2_typography-text-transform);--awb-caption-title-line-height:var(--h2_typography-line-height);--awb-caption-title-letter-spacing:var(--h2_typography-letter-spacing);\"><span class=\" fusion-imageframe imageframe-none imageframe-3 hover-type-none\"><img decoding=\"async\" width=\"119\" height=\"71\" alt=\"Franz\u00f6sische Flagge \u2013 Blau, Wei\u00df, Rot\" title=\"FR_final\" src=\"data:image\/svg+xml,%3Csvg%20xmlns%3D%27http%3A%2F%2Fwww.w3.org%2F2000%2Fsvg%27%20width%3D%27119%27%20height%3D%2771%27%20viewBox%3D%270%200%20119%2071%27%3E%3Crect%20width%3D%27119%27%20height%3D%2771%27%20fill-opacity%3D%220%22%2F%3E%3C%2Fsvg%3E\" data-orig-src=\"https:\/\/www.pracht-uebersetzungen.de\/wp-content\/uploads\/2021\/10\/FR_final.png\" class=\"lazyload img-responsive wp-image-51\"\/><\/span><\/div><\/div><\/div><div class=\"fusion-layout-column fusion_builder_column_inner fusion-builder-nested-column-5 fusion_builder_column_inner_5_6 5_6 fusion-flex-column\" style=\"--awb-bg-size:cover;--awb-width-large:83.333333333333%;--awb-margin-top-large:0px;--awb-spacing-right-large:2.304%;--awb-margin-bottom-large:20px;--awb-spacing-left-large:2.304%;--awb-width-medium:83.333333333333%;--awb-order-medium:0;--awb-spacing-right-medium:2.304%;--awb-spacing-left-medium:2.304%;--awb-width-small:100%;--awb-order-small:0;--awb-spacing-right-small:1.92%;--awb-spacing-left-small:1.92%;\"><div class=\"fusion-column-wrapper fusion-column-has-shadow fusion-flex-justify-content-flex-start fusion-content-layout-column\"><div class=\"fusion-text fusion-text-4\"><p>Services de traduction sp\u00e9cialis\u00e9s, interpr\u00e9tation cons\u00e9cutive \/ de liaison, formation linguistique, demandes d&#8217;emploi<\/p>\n<\/div><\/div><\/div><\/div><div class=\"fusion-image-element \" style=\"--awb-caption-title-font-family:var(--h2_typography-font-family);--awb-caption-title-font-weight:var(--h2_typography-font-weight);--awb-caption-title-font-style:var(--h2_typography-font-style);--awb-caption-title-size:var(--h2_typography-font-size);--awb-caption-title-transform:var(--h2_typography-text-transform);--awb-caption-title-line-height:var(--h2_typography-line-height);--awb-caption-title-letter-spacing:var(--h2_typography-letter-spacing);\"><span class=\" fusion-imageframe imageframe-none imageframe-4 hover-type-none\"><img decoding=\"async\" width=\"250\" height=\"70\" alt=\"Logo von Ingrid Pracht mit stilisiertem Buchstaben \u201eP\u201c und Schriftzug\" title=\"Prachtlogolinks\" src=\"https:\/\/www.pracht-uebersetzungen.de\/wp-content\/uploads\/2021\/10\/Prachtlogolinks.png\" data-orig-src=\"https:\/\/www.pracht-uebersetzungen.de\/wp-content\/uploads\/2021\/10\/Prachtlogolinks.png\" class=\"lazyload img-responsive wp-image-61\" srcset=\"data:image\/svg+xml,%3Csvg%20xmlns%3D%27http%3A%2F%2Fwww.w3.org%2F2000%2Fsvg%27%20width%3D%27250%27%20height%3D%2770%27%20viewBox%3D%270%200%20250%2070%27%3E%3Crect%20width%3D%27250%27%20height%3D%2770%27%20fill-opacity%3D%220%22%2F%3E%3C%2Fsvg%3E\" data-srcset=\"https:\/\/www.pracht-uebersetzungen.de\/wp-content\/uploads\/2021\/10\/Prachtlogolinks-200x56.png 200w, https:\/\/www.pracht-uebersetzungen.de\/wp-content\/uploads\/2021\/10\/Prachtlogolinks.png 250w\" data-sizes=\"auto\" data-orig-sizes=\"(max-width: 640px) 100vw, 250px\" \/><\/span><\/div><div class=\"fusion-builder-row fusion-builder-row-inner fusion-row fusion-flex-align-items-flex-start fusion-flex-content-wrap\" style=\"--awb-flex-grow:0;--awb-flex-grow-medium:0;--awb-flex-grow-small:0;--awb-flex-shrink:0;--awb-flex-shrink-medium:0;--awb-flex-shrink-small:0;width:104% !important;max-width:104% !important;margin-left: calc(-4% \/ 2 );margin-right: calc(-4% \/ 2 );\"><div class=\"fusion-layout-column fusion_builder_column_inner fusion-builder-nested-column-6 fusion_builder_column_inner_1_6 1_6 fusion-flex-column\" style=\"--awb-bg-size:cover;--awb-width-large:16.666666666667%;--awb-margin-top-large:0px;--awb-spacing-right-large:11.52%;--awb-margin-bottom-large:20px;--awb-spacing-left-large:11.52%;--awb-width-medium:16.666666666667%;--awb-order-medium:0;--awb-spacing-right-medium:11.52%;--awb-spacing-left-medium:11.52%;--awb-width-small:100%;--awb-order-small:0;--awb-spacing-right-small:1.92%;--awb-spacing-left-small:1.92%;\"><div class=\"fusion-column-wrapper fusion-column-has-shadow fusion-flex-justify-content-flex-start fusion-content-layout-column\"><\/div><\/div><div class=\"fusion-layout-column fusion_builder_column_inner fusion-builder-nested-column-7 fusion_builder_column_inner_5_6 5_6 fusion-flex-column\" style=\"--awb-bg-size:cover;--awb-width-large:83.333333333333%;--awb-margin-top-large:0px;--awb-spacing-right-large:2.304%;--awb-margin-bottom-large:20px;--awb-spacing-left-large:2.304%;--awb-width-medium:83.333333333333%;--awb-order-medium:0;--awb-spacing-right-medium:2.304%;--awb-spacing-left-medium:2.304%;--awb-width-small:100%;--awb-order-small:0;--awb-spacing-right-small:1.92%;--awb-spacing-left-small:1.92%;\"><div class=\"fusion-column-wrapper fusion-column-has-shadow fusion-flex-justify-content-flex-start fusion-content-layout-column\"><div class=\"fusion-text fusion-text-5\"><ul>\n<li>Traductions sp\u00e9cialis\u00e9s<\/li>\n<li>Correction d&rsquo;\u00e9preuves<\/li>\n<li>Interpr\u00e9tation<\/li>\n<li>Formation linguistique<\/li>\n<li>Demandes d&#8217;emploi<\/li>\n<\/ul>\n<\/div><\/div><\/div><\/div><\/div><\/div><\/div><\/div>\n","protected":false},"excerpt":{"rendered":"","protected":false},"author":1,"featured_media":0,"parent":0,"menu_order":0,"comment_status":"closed","ping_status":"closed","template":"","meta":{"footnotes":""},"class_list":["post-269","page","type-page","status-publish","hentry"],"yoast_head":"<!-- This site is optimized with the Yoast SEO plugin v27.4 - https:\/\/yoast.com\/product\/yoast-seo-wordpress\/ -->\n<title>Mentions l\u00e9gales \u2013 Pracht \u00dcbersetzungen<\/title>\n<meta name=\"robots\" content=\"index, follow, max-snippet:-1, max-image-preview:large, max-video-preview:-1\" \/>\n<link rel=\"canonical\" href=\"https:\/\/www.pracht-uebersetzungen.de\/fr\/impressum\" \/>\n<meta property=\"og:locale\" content=\"fr_FR\" \/>\n<meta property=\"og:type\" content=\"article\" \/>\n<meta property=\"og:title\" content=\"Mentions l\u00e9gales \u2013 Pracht \u00dcbersetzungen\" \/>\n<meta property=\"og:url\" content=\"https:\/\/www.pracht-uebersetzungen.de\/fr\/impressum\" \/>\n<meta property=\"og:site_name\" content=\"Pracht \u00dcbersetzungen\" \/>\n<meta property=\"article:modified_time\" content=\"2026-02-17T07:53:21+00:00\" \/>\n<meta property=\"og:image\" content=\"https:\/\/www.pracht-uebersetzungen.de\/wp-content\/uploads\/2021\/10\/slider_gross-1024x599-1.jpg\" \/>\n\t<meta property=\"og:image:width\" content=\"1024\" \/>\n\t<meta property=\"og:image:height\" content=\"599\" \/>\n\t<meta property=\"og:image:type\" content=\"image\/jpeg\" \/>\n<meta name=\"twitter:card\" content=\"summary_large_image\" \/>\n<meta name=\"twitter:label1\" content=\"Dur\u00e9e de lecture estim\u00e9e\" \/>\n\t<meta name=\"twitter:data1\" content=\"2 minutes\" \/>\n<script type=\"application\/ld+json\" class=\"yoast-schema-graph\">{\"@context\":\"https:\\\/\\\/schema.org\",\"@graph\":[{\"@type\":\"WebPage\",\"@id\":\"https:\\\/\\\/www.pracht-uebersetzungen.de\\\/fr\\\/impressum\",\"url\":\"https:\\\/\\\/www.pracht-uebersetzungen.de\\\/fr\\\/impressum\",\"name\":\"Mentions l\u00e9gales \u2013 Pracht \u00dcbersetzungen\",\"isPartOf\":{\"@id\":\"https:\\\/\\\/www.pracht-uebersetzungen.de\\\/fr#website\"},\"datePublished\":\"2021-10-12T14:54:28+00:00\",\"dateModified\":\"2026-02-17T07:53:21+00:00\",\"breadcrumb\":{\"@id\":\"https:\\\/\\\/www.pracht-uebersetzungen.de\\\/fr\\\/impressum#breadcrumb\"},\"inLanguage\":\"fr-FR\",\"potentialAction\":[{\"@type\":\"ReadAction\",\"target\":[\"https:\\\/\\\/www.pracht-uebersetzungen.de\\\/fr\\\/impressum\"]}]},{\"@type\":\"BreadcrumbList\",\"@id\":\"https:\\\/\\\/www.pracht-uebersetzungen.de\\\/fr\\\/impressum#breadcrumb\",\"itemListElement\":[{\"@type\":\"ListItem\",\"position\":1,\"name\":\"Startseite\",\"item\":\"https:\\\/\\\/www.pracht-uebersetzungen.de\\\/fr\"},{\"@type\":\"ListItem\",\"position\":2,\"name\":\"Mentions l\u00e9gales\"}]},{\"@type\":\"WebSite\",\"@id\":\"https:\\\/\\\/www.pracht-uebersetzungen.de\\\/fr#website\",\"url\":\"https:\\\/\\\/www.pracht-uebersetzungen.de\\\/fr\",\"name\":\"Pracht \u00dcbersetzungen\",\"description\":\"Fach\u00fcbersetzungen, Lektorate, Beglaubigungen, Sprachschulungen, Bewerbungen\",\"publisher\":{\"@id\":\"https:\\\/\\\/www.pracht-uebersetzungen.de\\\/fr#organization\"},\"alternateName\":\"Pracht\",\"potentialAction\":[{\"@type\":\"SearchAction\",\"target\":{\"@type\":\"EntryPoint\",\"urlTemplate\":\"https:\\\/\\\/www.pracht-uebersetzungen.de\\\/fr?s={search_term_string}\"},\"query-input\":{\"@type\":\"PropertyValueSpecification\",\"valueRequired\":true,\"valueName\":\"search_term_string\"}}],\"inLanguage\":\"fr-FR\"},{\"@type\":\"Organization\",\"@id\":\"https:\\\/\\\/www.pracht-uebersetzungen.de\\\/fr#organization\",\"name\":\"Pracht \u00dcbersetzungen\",\"alternateName\":\"Pracht\",\"url\":\"https:\\\/\\\/www.pracht-uebersetzungen.de\\\/fr\",\"logo\":{\"@type\":\"ImageObject\",\"inLanguage\":\"fr-FR\",\"@id\":\"https:\\\/\\\/www.pracht-uebersetzungen.de\\\/fr#\\\/schema\\\/logo\\\/image\\\/\",\"url\":\"https:\\\/\\\/www.pracht-uebersetzungen.de\\\/wp-content\\\/uploads\\\/2021\\\/10\\\/pracht_180px.png\",\"contentUrl\":\"https:\\\/\\\/www.pracht-uebersetzungen.de\\\/wp-content\\\/uploads\\\/2021\\\/10\\\/pracht_180px.png\",\"width\":180,\"height\":180,\"caption\":\"Pracht \u00dcbersetzungen\"},\"image\":{\"@id\":\"https:\\\/\\\/www.pracht-uebersetzungen.de\\\/fr#\\\/schema\\\/logo\\\/image\\\/\"},\"sameAs\":[\"https:\\\/\\\/www.linkedin.com\\\/in\\\/ingrid-pracht-a070714b\\\/\"]}]}<\/script>\n<!-- \/ Yoast SEO plugin. -->","yoast_head_json":{"title":"Mentions l\u00e9gales \u2013 Pracht \u00dcbersetzungen","robots":{"index":"index","follow":"follow","max-snippet":"max-snippet:-1","max-image-preview":"max-image-preview:large","max-video-preview":"max-video-preview:-1"},"canonical":"https:\/\/www.pracht-uebersetzungen.de\/fr\/impressum","og_locale":"fr_FR","og_type":"article","og_title":"Mentions l\u00e9gales \u2013 Pracht \u00dcbersetzungen","og_url":"https:\/\/www.pracht-uebersetzungen.de\/fr\/impressum","og_site_name":"Pracht \u00dcbersetzungen","article_modified_time":"2026-02-17T07:53:21+00:00","og_image":[{"width":1024,"height":599,"url":"https:\/\/www.pracht-uebersetzungen.de\/wp-content\/uploads\/2021\/10\/slider_gross-1024x599-1.jpg","type":"image\/jpeg"}],"twitter_card":"summary_large_image","twitter_misc":{"Dur\u00e9e de lecture estim\u00e9e":"2 minutes"},"schema":{"@context":"https:\/\/schema.org","@graph":[{"@type":"WebPage","@id":"https:\/\/www.pracht-uebersetzungen.de\/fr\/impressum","url":"https:\/\/www.pracht-uebersetzungen.de\/fr\/impressum","name":"Mentions l\u00e9gales \u2013 Pracht \u00dcbersetzungen","isPartOf":{"@id":"https:\/\/www.pracht-uebersetzungen.de\/fr#website"},"datePublished":"2021-10-12T14:54:28+00:00","dateModified":"2026-02-17T07:53:21+00:00","breadcrumb":{"@id":"https:\/\/www.pracht-uebersetzungen.de\/fr\/impressum#breadcrumb"},"inLanguage":"fr-FR","potentialAction":[{"@type":"ReadAction","target":["https:\/\/www.pracht-uebersetzungen.de\/fr\/impressum"]}]},{"@type":"BreadcrumbList","@id":"https:\/\/www.pracht-uebersetzungen.de\/fr\/impressum#breadcrumb","itemListElement":[{"@type":"ListItem","position":1,"name":"Startseite","item":"https:\/\/www.pracht-uebersetzungen.de\/fr"},{"@type":"ListItem","position":2,"name":"Mentions l\u00e9gales"}]},{"@type":"WebSite","@id":"https:\/\/www.pracht-uebersetzungen.de\/fr#website","url":"https:\/\/www.pracht-uebersetzungen.de\/fr","name":"Pracht \u00dcbersetzungen","description":"Fach\u00fcbersetzungen, Lektorate, Beglaubigungen, Sprachschulungen, Bewerbungen","publisher":{"@id":"https:\/\/www.pracht-uebersetzungen.de\/fr#organization"},"alternateName":"Pracht","potentialAction":[{"@type":"SearchAction","target":{"@type":"EntryPoint","urlTemplate":"https:\/\/www.pracht-uebersetzungen.de\/fr?s={search_term_string}"},"query-input":{"@type":"PropertyValueSpecification","valueRequired":true,"valueName":"search_term_string"}}],"inLanguage":"fr-FR"},{"@type":"Organization","@id":"https:\/\/www.pracht-uebersetzungen.de\/fr#organization","name":"Pracht \u00dcbersetzungen","alternateName":"Pracht","url":"https:\/\/www.pracht-uebersetzungen.de\/fr","logo":{"@type":"ImageObject","inLanguage":"fr-FR","@id":"https:\/\/www.pracht-uebersetzungen.de\/fr#\/schema\/logo\/image\/","url":"https:\/\/www.pracht-uebersetzungen.de\/wp-content\/uploads\/2021\/10\/pracht_180px.png","contentUrl":"https:\/\/www.pracht-uebersetzungen.de\/wp-content\/uploads\/2021\/10\/pracht_180px.png","width":180,"height":180,"caption":"Pracht \u00dcbersetzungen"},"image":{"@id":"https:\/\/www.pracht-uebersetzungen.de\/fr#\/schema\/logo\/image\/"},"sameAs":["https:\/\/www.linkedin.com\/in\/ingrid-pracht-a070714b\/"]}]}},"_links":{"self":[{"href":"https:\/\/www.pracht-uebersetzungen.de\/fr\/wp-json\/wp\/v2\/pages\/269","targetHints":{"allow":["GET"]}}],"collection":[{"href":"https:\/\/www.pracht-uebersetzungen.de\/fr\/wp-json\/wp\/v2\/pages"}],"about":[{"href":"https:\/\/www.pracht-uebersetzungen.de\/fr\/wp-json\/wp\/v2\/types\/page"}],"author":[{"embeddable":true,"href":"https:\/\/www.pracht-uebersetzungen.de\/fr\/wp-json\/wp\/v2\/users\/1"}],"replies":[{"embeddable":true,"href":"https:\/\/www.pracht-uebersetzungen.de\/fr\/wp-json\/wp\/v2\/comments?post=269"}],"version-history":[{"count":6,"href":"https:\/\/www.pracht-uebersetzungen.de\/fr\/wp-json\/wp\/v2\/pages\/269\/revisions"}],"predecessor-version":[{"id":876,"href":"https:\/\/www.pracht-uebersetzungen.de\/fr\/wp-json\/wp\/v2\/pages\/269\/revisions\/876"}],"wp:attachment":[{"href":"https:\/\/www.pracht-uebersetzungen.de\/fr\/wp-json\/wp\/v2\/media?parent=269"}],"curies":[{"name":"wp","href":"https:\/\/api.w.org\/{rel}","templated":true}]}}