{"id":382,"date":"2024-02-06T13:17:23","date_gmt":"2024-02-06T13:17:23","guid":{"rendered":"https:\/\/www.pracht-uebersetzungen.de\/?page_id=382"},"modified":"2025-08-22T09:01:33","modified_gmt":"2025-08-22T09:01:33","slug":"corrections-depreuves","status":"publish","type":"page","link":"https:\/\/www.pracht-uebersetzungen.de\/fr\/corrections-depreuves","title":{"rendered":"Corrections d\u2019\u00e9preuves"},"content":{"rendered":"<div class=\"fusion-fullwidth fullwidth-box fusion-builder-row-1 fusion-flex-container nonhundred-percent-fullwidth non-hundred-percent-height-scrolling\" style=\"--awb-border-radius-top-left:0px;--awb-border-radius-top-right:0px;--awb-border-radius-bottom-right:0px;--awb-border-radius-bottom-left:0px;--awb-flex-wrap:wrap;\" ><div class=\"fusion-builder-row fusion-row fusion-flex-align-items-flex-start fusion-flex-content-wrap\" style=\"max-width:1248px;margin-left: calc(-4% \/ 2 );margin-right: calc(-4% \/ 2 );\"><div class=\"fusion-layout-column fusion_builder_column fusion-builder-column-0 fusion_builder_column_2_3 2_3 fusion-flex-column\" style=\"--awb-padding-right:25px;--awb-bg-size:cover;--awb-border-color:#0046a3;--awb-border-right:2px;--awb-border-style:solid;--awb-width-large:66.666666666667%;--awb-margin-top-large:0px;--awb-spacing-right-large:2.88%;--awb-margin-bottom-large:20px;--awb-spacing-left-large:2.88%;--awb-width-medium:66.666666666667%;--awb-order-medium:0;--awb-spacing-right-medium:2.88%;--awb-spacing-left-medium:2.88%;--awb-width-small:100%;--awb-order-small:0;--awb-spacing-right-small:1.92%;--awb-spacing-left-small:1.92%;\"><div class=\"fusion-column-wrapper fusion-column-has-shadow fusion-flex-justify-content-space-evenly fusion-content-layout-column\"><div class=\"fusion-text fusion-text-1\"><h1><strong>Services de correction d&rsquo;\u00e9preuves<\/strong><\/h1>\n<p>Passer des heures sur un long texte peut conduire \u00e0 ne pas remarquer les petites erreurs. Il est donc essentiel de s&rsquo;assurer que le contenu de vos textes tient ses promesses avec clart\u00e9 et pr\u00e9cision. En tant qu\u2019expert en correction professionnelle, je suis en mesure de vous proposer plusieurs types de services de relecture selon vos besoins\u00a0:<\/p>\n<ul>\n<li>Relecture simple (orthographe, grammaire et erreurs manifestes)<\/li>\n<li>V\u00e9rification du style<\/li>\n<li>Relecture de traduction<\/li>\n<li>Relecture acad\u00e9mique d\u2019ouvrages scientifiques et techniques<\/li>\n<li>R\u00e9vision de textes \u00e0 des fins publicitaires et de marketing<\/li>\n<li>Relecture de sites web<\/li>\n<li>Relecture finale avant publication<\/li>\n<\/ul>\n<\/div><div class=\"fusion-separator fusion-full-width-sep\" style=\"align-self: center;margin-left: auto;margin-right: auto;margin-top:25px;margin-bottom:25px;width:100%;\"><div class=\"fusion-separator-border sep-single sep-solid\" style=\"--awb-height:20px;--awb-amount:20px;border-color:#e2e2e2;border-top-width:2px;\"><\/div><\/div><div class=\"fusion-text fusion-text-2\"><p><strong>La r\u00e9vision professionnelle de vos textes vous permet de publier un contenu de qualit\u00e9. De bons textes sont constitu\u00e9s des trois composants-cl\u00e9s suivants :<\/strong><\/p>\n<\/div><div class=\"fusion-builder-row fusion-builder-row-inner fusion-row fusion-flex-align-items-flex-start fusion-flex-content-wrap\" style=\"--awb-flex-grow:0;--awb-flex-grow-medium:0;--awb-flex-grow-small:0;--awb-flex-shrink:0;--awb-flex-shrink-medium:0;--awb-flex-shrink-small:0;width:104% !important;max-width:104% !important;margin-left: calc(-4% \/ 2 );margin-right: calc(-4% \/ 2 );\"><div class=\"fusion-layout-column fusion_builder_column_inner fusion-builder-nested-column-0 fusion_builder_column_inner_1_3 1_3 fusion-flex-column fusion-flex-align-self-center\" style=\"--awb-overflow:hidden;--awb-bg-color:var(--awb-color1);--awb-bg-color-hover:var(--awb-color1);--awb-bg-size:cover;--awb-border-color:var(--awb-color6);--awb-border-top:3px;--awb-border-right:3px;--awb-border-bottom:3px;--awb-border-left:3px;--awb-border-style:solid;--awb-border-radius:10px 10px 10px 10px;--awb-width-large:33.333333333333%;--awb-margin-top-large:0px;--awb-spacing-right-large:5.76%;--awb-margin-bottom-large:20px;--awb-spacing-left-large:5.76%;--awb-width-medium:33.333333333333%;--awb-order-medium:0;--awb-spacing-right-medium:5.76%;--awb-spacing-left-medium:5.76%;--awb-width-small:100%;--awb-order-small:0;--awb-spacing-right-small:1.92%;--awb-spacing-left-small:1.92%;\" data-scroll-devices=\"small-visibility,medium-visibility,large-visibility\"><div class=\"fusion-column-wrapper fusion-column-has-shadow fusion-flex-justify-content-center fusion-content-layout-column\"><div class=\"fusion-text fusion-text-3\" style=\"--awb-text-color:#0046a3;\"><h4 style=\"text-align: center;\"><strong>Langue<\/strong><\/h4>\n<\/div><\/div><\/div><div class=\"fusion-layout-column fusion_builder_column_inner fusion-builder-nested-column-1 fusion_builder_column_inner_1_3 1_3 fusion-flex-column fusion-flex-align-self-center\" style=\"--awb-overflow:hidden;--awb-bg-color:var(--awb-color1);--awb-bg-color-hover:var(--awb-color1);--awb-bg-size:cover;--awb-border-color:var(--awb-color6);--awb-border-top:3px;--awb-border-right:3px;--awb-border-bottom:3px;--awb-border-left:3px;--awb-border-style:solid;--awb-border-radius:10px 10px 10px 10px;--awb-width-large:33.333333333333%;--awb-margin-top-large:0px;--awb-spacing-right-large:5.76%;--awb-margin-bottom-large:20px;--awb-spacing-left-large:5.76%;--awb-width-medium:33.333333333333%;--awb-order-medium:0;--awb-spacing-right-medium:5.76%;--awb-spacing-left-medium:5.76%;--awb-width-small:100%;--awb-order-small:0;--awb-spacing-right-small:1.92%;--awb-spacing-left-small:1.92%;\" data-scroll-devices=\"small-visibility,medium-visibility,large-visibility\"><div class=\"fusion-column-wrapper fusion-column-has-shadow fusion-flex-justify-content-center fusion-content-layout-column\"><div class=\"fusion-text fusion-text-4\" style=\"--awb-text-color:var(--awb-color6);\"><h4 style=\"text-align: center;\"><strong>Contenu<\/strong><\/h4>\n<\/div><\/div><\/div><div class=\"fusion-layout-column fusion_builder_column_inner fusion-builder-nested-column-2 fusion_builder_column_inner_1_3 1_3 fusion-flex-column fusion-flex-align-self-center\" style=\"--awb-overflow:hidden;--awb-bg-color:var(--awb-color1);--awb-bg-color-hover:var(--awb-color1);--awb-bg-size:cover;--awb-border-color:var(--awb-color6);--awb-border-top:3px;--awb-border-right:3px;--awb-border-bottom:3px;--awb-border-left:3px;--awb-border-style:solid;--awb-border-radius:10px 10px 10px 10px;--awb-width-large:33.333333333333%;--awb-margin-top-large:0px;--awb-spacing-right-large:5.76%;--awb-margin-bottom-large:20px;--awb-spacing-left-large:5.76%;--awb-width-medium:33.333333333333%;--awb-order-medium:0;--awb-spacing-right-medium:5.76%;--awb-spacing-left-medium:5.76%;--awb-width-small:100%;--awb-order-small:0;--awb-spacing-right-small:1.92%;--awb-spacing-left-small:1.92%;\" data-scroll-devices=\"small-visibility,medium-visibility,large-visibility\"><div class=\"fusion-column-wrapper fusion-column-has-shadow fusion-flex-justify-content-center fusion-content-layout-column\"><div class=\"fusion-text fusion-text-5\" style=\"--awb-text-color:var(--awb-color6);\"><h4 style=\"text-align: center;\"><strong>Format<\/strong><\/h4>\n<\/div><\/div><\/div><\/div><div class=\"fusion-text fusion-text-6\"><p><strong>Langue\u00a0:<\/strong><\/p>\n<ul>\n<li>Grammaire<\/li>\n<li>Orthographe<\/li>\n<li>Ponctuation<\/li>\n<li>Coh\u00e9rence des expressions<\/li>\n<li>Style et syntaxe<\/li>\n<li>Prise en compte des aspects culturels<\/li>\n<li>V\u00e9rification de la clart\u00e9 de la langue<\/li>\n<li>V\u00e9rification du niveau de langue utilis\u00e9<\/li>\n<li>V\u00e9rification de l\u2019exactitude de la terminologie<\/li>\n<\/ul>\n<p><strong>Contenu\u00a0:<\/strong><\/p>\n<ul>\n<li>Communication adapt\u00e9e aux groupes cibles<\/li>\n<li>Encha\u00eenement logique des id\u00e9es<\/li>\n<li>Longueur du texte<\/li>\n<li>Exactitude et plausibilit\u00e9 du contenu<\/li>\n<\/ul>\n<p><strong>Format\u00a0:<\/strong><\/p>\n<ul>\n<li>V\u00e9rification de la conformit\u00e9 avec le format demand\u00e9<\/li>\n<li>V\u00e9rification du respect des consignes de style du client<\/li>\n<li>Notes et bibliographie<\/li>\n<li>Harmonisation avec d\u2019autres versions linguistiques<\/li>\n<li>Respect des r\u00e8gles de mise en page<\/li>\n<\/ul>\n<\/div><\/div><\/div><div class=\"fusion-layout-column fusion_builder_column fusion-builder-column-1 fusion_builder_column_1_3 1_3 fusion-flex-column\" style=\"--awb-padding-top:2%;--awb-padding-right:2%;--awb-padding-bottom:2%;--awb-padding-left:2%;--awb-bg-color:#ffffff;--awb-bg-color-hover:#ffffff;--awb-bg-size:cover;--awb-border-color:#0046a3;--awb-border-style:solid;--awb-width-large:33.333333333333%;--awb-margin-top-large:50px;--awb-spacing-right-large:5.76%;--awb-margin-bottom-large:20px;--awb-spacing-left-large:5.76%;--awb-width-medium:33.333333333333%;--awb-order-medium:0;--awb-spacing-right-medium:5.76%;--awb-spacing-left-medium:5.76%;--awb-width-small:100%;--awb-order-small:0;--awb-spacing-right-small:1.92%;--awb-spacing-left-small:1.92%;\"><div class=\"fusion-column-wrapper fusion-column-has-shadow fusion-flex-justify-content-flex-start fusion-content-layout-column\"><div class=\"fusion-image-element \" style=\"--awb-caption-title-font-family:var(--h2_typography-font-family);--awb-caption-title-font-weight:var(--h2_typography-font-weight);--awb-caption-title-font-style:var(--h2_typography-font-style);--awb-caption-title-size:var(--h2_typography-font-size);--awb-caption-title-transform:var(--h2_typography-text-transform);--awb-caption-title-line-height:var(--h2_typography-line-height);--awb-caption-title-letter-spacing:var(--h2_typography-letter-spacing);\"><span class=\" fusion-imageframe imageframe-none imageframe-1 hover-type-none\"><img decoding=\"async\" width=\"250\" height=\"70\" alt=\"Logo von Ingrid Pracht mit stilisiertem Buchstaben \u201eP\u201c und Schriftzug\" title=\"Prachtlogolinks\" src=\"https:\/\/www.pracht-uebersetzungen.de\/wp-content\/uploads\/2021\/10\/Prachtlogolinks.png\" data-orig-src=\"https:\/\/www.pracht-uebersetzungen.de\/wp-content\/uploads\/2021\/10\/Prachtlogolinks.png\" class=\"lazyload img-responsive wp-image-61\" srcset=\"data:image\/svg+xml,%3Csvg%20xmlns%3D%27http%3A%2F%2Fwww.w3.org%2F2000%2Fsvg%27%20width%3D%27250%27%20height%3D%2770%27%20viewBox%3D%270%200%20250%2070%27%3E%3Crect%20width%3D%27250%27%20height%3D%2770%27%20fill-opacity%3D%220%22%2F%3E%3C%2Fsvg%3E\" data-srcset=\"https:\/\/www.pracht-uebersetzungen.de\/wp-content\/uploads\/2021\/10\/Prachtlogolinks-200x56.png 200w, https:\/\/www.pracht-uebersetzungen.de\/wp-content\/uploads\/2021\/10\/Prachtlogolinks.png 250w\" data-sizes=\"auto\" data-orig-sizes=\"(max-width: 640px) 100vw, 250px\" \/><\/span><\/div><div class=\"fusion-builder-row fusion-builder-row-inner fusion-row fusion-flex-align-items-flex-start fusion-flex-content-wrap\" style=\"--awb-flex-grow:0;--awb-flex-grow-medium:0;--awb-flex-grow-small:0;--awb-flex-shrink:0;--awb-flex-shrink-medium:0;--awb-flex-shrink-small:0;width:104% !important;max-width:104% !important;margin-left: calc(-4% \/ 2 );margin-right: calc(-4% \/ 2 );\"><div class=\"fusion-layout-column fusion_builder_column_inner fusion-builder-nested-column-3 fusion_builder_column_inner_1_6 1_6 fusion-flex-column\" style=\"--awb-bg-size:cover;--awb-width-large:16.666666666667%;--awb-margin-top-large:0px;--awb-spacing-right-large:11.52%;--awb-margin-bottom-large:20px;--awb-spacing-left-large:11.52%;--awb-width-medium:16.666666666667%;--awb-order-medium:0;--awb-spacing-right-medium:11.52%;--awb-spacing-left-medium:11.52%;--awb-width-small:100%;--awb-order-small:0;--awb-spacing-right-small:1.92%;--awb-spacing-left-small:1.92%;\"><div class=\"fusion-column-wrapper fusion-column-has-shadow fusion-flex-justify-content-flex-start fusion-content-layout-column\"><\/div><\/div><div class=\"fusion-layout-column fusion_builder_column_inner fusion-builder-nested-column-4 fusion_builder_column_inner_5_6 5_6 fusion-flex-column\" style=\"--awb-bg-size:cover;--awb-width-large:83.333333333333%;--awb-margin-top-large:0px;--awb-spacing-right-large:2.304%;--awb-margin-bottom-large:20px;--awb-spacing-left-large:2.304%;--awb-width-medium:83.333333333333%;--awb-order-medium:0;--awb-spacing-right-medium:2.304%;--awb-spacing-left-medium:2.304%;--awb-width-small:100%;--awb-order-small:0;--awb-spacing-right-small:1.92%;--awb-spacing-left-small:1.92%;\"><div class=\"fusion-column-wrapper fusion-column-has-shadow fusion-flex-justify-content-flex-start fusion-content-layout-column\"><div class=\"fusion-text fusion-text-7\"><ul>\n<li><a href=\"https:\/\/www.pracht-uebersetzungen.de\/fr\/traductions\">Traductions sp\u00e9cialis\u00e9s<\/a><\/li>\n<li>Correction d&rsquo;\u00e9preuves<\/li>\n<li><a href=\"https:\/\/www.pracht-uebersetzungen.de\/fr\/traductions-certifiees-conformes\">Traductions certifi\u00e9es conformes<\/a><\/li>\n<li><a href=\"https:\/\/www.pracht-uebersetzungen.de\/fr\/autres-services-linguistiques-2\">Formation linguistiques<\/a><\/li>\n<li><a href=\"https:\/\/www.pracht-uebersetzungen.de\/fr\/demandes-demploi-pour-lallemagne\">Demandes d&#8217;emploi<\/a><\/li>\n<\/ul>\n<\/div><\/div><\/div><\/div><div class=\"fusion-builder-row fusion-builder-row-inner fusion-row fusion-flex-align-items-flex-start fusion-flex-content-wrap\" style=\"--awb-flex-grow:0;--awb-flex-grow-medium:0;--awb-flex-grow-small:0;--awb-flex-shrink:0;--awb-flex-shrink-medium:0;--awb-flex-shrink-small:0;width:104% !important;max-width:104% !important;margin-left: calc(-4% \/ 2 );margin-right: calc(-4% \/ 2 );\"><div class=\"fusion-layout-column fusion_builder_column_inner fusion-builder-nested-column-5 fusion_builder_column_inner_2_5 2_5 fusion-flex-column\" style=\"--awb-bg-size:cover;--awb-width-large:40%;--awb-margin-top-large:0px;--awb-spacing-right-large:4.8%;--awb-margin-bottom-large:20px;--awb-spacing-left-large:4.8%;--awb-width-medium:40%;--awb-order-medium:0;--awb-spacing-right-medium:4.8%;--awb-spacing-left-medium:4.8%;--awb-width-small:100%;--awb-order-small:0;--awb-spacing-right-small:1.92%;--awb-spacing-left-small:1.92%;\"><div class=\"fusion-column-wrapper fusion-column-has-shadow fusion-flex-justify-content-flex-start fusion-content-layout-column\"><\/div><\/div><div class=\"fusion-layout-column fusion_builder_column_inner fusion-builder-nested-column-6 fusion_builder_column_inner_3_5 3_5 fusion-flex-column\" style=\"--awb-bg-size:cover;--awb-width-large:60%;--awb-margin-top-large:0px;--awb-spacing-right-large:3.2%;--awb-margin-bottom-large:20px;--awb-spacing-left-large:3.2%;--awb-width-medium:60%;--awb-order-medium:0;--awb-spacing-right-medium:3.2%;--awb-spacing-left-medium:3.2%;--awb-width-small:100%;--awb-order-small:0;--awb-spacing-right-small:1.92%;--awb-spacing-left-small:1.92%;\"><div class=\"fusion-column-wrapper fusion-column-has-shadow fusion-flex-justify-content-flex-start fusion-content-layout-column\"><div class=\"fusion-image-element \" style=\"--awb-caption-title-font-family:var(--h2_typography-font-family);--awb-caption-title-font-weight:var(--h2_typography-font-weight);--awb-caption-title-font-style:var(--h2_typography-font-style);--awb-caption-title-size:var(--h2_typography-font-size);--awb-caption-title-transform:var(--h2_typography-text-transform);--awb-caption-title-line-height:var(--h2_typography-line-height);--awb-caption-title-letter-spacing:var(--h2_typography-letter-spacing);\"><span class=\" fusion-imageframe imageframe-none imageframe-2 hover-type-none\"><img decoding=\"async\" width=\"300\" height=\"73\" alt=\"Logo des BD\u00dc \u2013 Mitglied im Bundesverband der Dolmetscher und \u00dcbersetzer\" title=\"Mitgliedslogo_lang_de\" src=\"https:\/\/www.pracht-uebersetzungen.de\/wp-content\/uploads\/2024\/02\/Mitgliedslogo_lang_de.png\" data-orig-src=\"https:\/\/www.pracht-uebersetzungen.de\/wp-content\/uploads\/2024\/02\/Mitgliedslogo_lang_de-300x73.png\" class=\"lazyload img-responsive wp-image-367\" srcset=\"data:image\/svg+xml,%3Csvg%20xmlns%3D%27http%3A%2F%2Fwww.w3.org%2F2000%2Fsvg%27%20width%3D%27331%27%20height%3D%2780%27%20viewBox%3D%270%200%20331%2080%27%3E%3Crect%20width%3D%27331%27%20height%3D%2780%27%20fill-opacity%3D%220%22%2F%3E%3C%2Fsvg%3E\" data-srcset=\"https:\/\/www.pracht-uebersetzungen.de\/wp-content\/uploads\/2024\/02\/Mitgliedslogo_lang_de-200x48.png 200w, https:\/\/www.pracht-uebersetzungen.de\/wp-content\/uploads\/2024\/02\/Mitgliedslogo_lang_de.png 331w\" data-sizes=\"auto\" data-orig-sizes=\"(max-width: 640px) 100vw, 300px\" \/><\/span><\/div><\/div><\/div><\/div><\/div><\/div><\/div><\/div>\n","protected":false},"excerpt":{"rendered":"","protected":false},"author":1,"featured_media":0,"parent":0,"menu_order":0,"comment_status":"closed","ping_status":"closed","template":"","meta":{"footnotes":""},"class_list":["post-382","page","type-page","status-publish","hentry"],"yoast_head":"<!-- This site is optimized with the Yoast SEO plugin v27.4 - https:\/\/yoast.com\/product\/yoast-seo-wordpress\/ -->\n<title>Corrections d\u2019\u00e9preuves \u2013 Pracht \u00dcbersetzungen<\/title>\n<meta name=\"description\" content=\"Correction d&#039;\u00e9preuves allemand, anglais, fran\u00e7ais \u2013 style, grammaire, mise en page. Textes pro, web, acad\u00e9miques.\" \/>\n<meta name=\"robots\" content=\"index, follow, max-snippet:-1, max-image-preview:large, max-video-preview:-1\" \/>\n<link rel=\"canonical\" href=\"https:\/\/www.pracht-uebersetzungen.de\/fr\/corrections-depreuves\" \/>\n<meta property=\"og:locale\" content=\"fr_FR\" \/>\n<meta property=\"og:type\" content=\"article\" \/>\n<meta property=\"og:title\" content=\"Corrections d\u2019\u00e9preuves \u2013 Pracht \u00dcbersetzungen\" \/>\n<meta property=\"og:description\" content=\"Correction d&#039;\u00e9preuves allemand, anglais, fran\u00e7ais \u2013 style, grammaire, mise en page. Textes pro, web, acad\u00e9miques.\" \/>\n<meta property=\"og:url\" content=\"https:\/\/www.pracht-uebersetzungen.de\/fr\/corrections-depreuves\" \/>\n<meta property=\"og:site_name\" content=\"Pracht \u00dcbersetzungen\" \/>\n<meta property=\"article:modified_time\" content=\"2025-08-22T09:01:33+00:00\" \/>\n<meta property=\"og:image\" content=\"https:\/\/www.pracht-uebersetzungen.de\/wp-content\/uploads\/2021\/10\/slider_gross-1024x599-1.jpg\" \/>\n\t<meta property=\"og:image:width\" content=\"1024\" \/>\n\t<meta property=\"og:image:height\" content=\"599\" \/>\n\t<meta property=\"og:image:type\" content=\"image\/jpeg\" \/>\n<meta name=\"twitter:card\" content=\"summary_large_image\" \/>\n<meta name=\"twitter:label1\" content=\"Dur\u00e9e de lecture estim\u00e9e\" \/>\n\t<meta name=\"twitter:data1\" content=\"2 minutes\" \/>\n<script type=\"application\/ld+json\" class=\"yoast-schema-graph\">{\"@context\":\"https:\\\/\\\/schema.org\",\"@graph\":[{\"@type\":\"WebPage\",\"@id\":\"https:\\\/\\\/www.pracht-uebersetzungen.de\\\/fr\\\/corrections-depreuves\",\"url\":\"https:\\\/\\\/www.pracht-uebersetzungen.de\\\/fr\\\/corrections-depreuves\",\"name\":\"Corrections d\u2019\u00e9preuves \u2013 Pracht \u00dcbersetzungen\",\"isPartOf\":{\"@id\":\"https:\\\/\\\/www.pracht-uebersetzungen.de\\\/fr#website\"},\"datePublished\":\"2024-02-06T13:17:23+00:00\",\"dateModified\":\"2025-08-22T09:01:33+00:00\",\"description\":\"Correction d'\u00e9preuves allemand, anglais, fran\u00e7ais \u2013 style, grammaire, mise en page. Textes pro, web, acad\u00e9miques.\",\"breadcrumb\":{\"@id\":\"https:\\\/\\\/www.pracht-uebersetzungen.de\\\/fr\\\/corrections-depreuves#breadcrumb\"},\"inLanguage\":\"fr-FR\",\"potentialAction\":[{\"@type\":\"ReadAction\",\"target\":[\"https:\\\/\\\/www.pracht-uebersetzungen.de\\\/fr\\\/corrections-depreuves\"]}]},{\"@type\":\"BreadcrumbList\",\"@id\":\"https:\\\/\\\/www.pracht-uebersetzungen.de\\\/fr\\\/corrections-depreuves#breadcrumb\",\"itemListElement\":[{\"@type\":\"ListItem\",\"position\":1,\"name\":\"Startseite\",\"item\":\"https:\\\/\\\/www.pracht-uebersetzungen.de\\\/fr\"},{\"@type\":\"ListItem\",\"position\":2,\"name\":\"Corrections d\u2019\u00e9preuves\"}]},{\"@type\":\"WebSite\",\"@id\":\"https:\\\/\\\/www.pracht-uebersetzungen.de\\\/fr#website\",\"url\":\"https:\\\/\\\/www.pracht-uebersetzungen.de\\\/fr\",\"name\":\"Pracht \u00dcbersetzungen\",\"description\":\"Fach\u00fcbersetzungen, Lektorate, Beglaubigungen, Sprachschulungen, Bewerbungen\",\"publisher\":{\"@id\":\"https:\\\/\\\/www.pracht-uebersetzungen.de\\\/fr#organization\"},\"alternateName\":\"Pracht\",\"potentialAction\":[{\"@type\":\"SearchAction\",\"target\":{\"@type\":\"EntryPoint\",\"urlTemplate\":\"https:\\\/\\\/www.pracht-uebersetzungen.de\\\/fr?s={search_term_string}\"},\"query-input\":{\"@type\":\"PropertyValueSpecification\",\"valueRequired\":true,\"valueName\":\"search_term_string\"}}],\"inLanguage\":\"fr-FR\"},{\"@type\":\"Organization\",\"@id\":\"https:\\\/\\\/www.pracht-uebersetzungen.de\\\/fr#organization\",\"name\":\"Pracht \u00dcbersetzungen\",\"alternateName\":\"Pracht\",\"url\":\"https:\\\/\\\/www.pracht-uebersetzungen.de\\\/fr\",\"logo\":{\"@type\":\"ImageObject\",\"inLanguage\":\"fr-FR\",\"@id\":\"https:\\\/\\\/www.pracht-uebersetzungen.de\\\/fr#\\\/schema\\\/logo\\\/image\\\/\",\"url\":\"https:\\\/\\\/www.pracht-uebersetzungen.de\\\/wp-content\\\/uploads\\\/2021\\\/10\\\/pracht_180px.png\",\"contentUrl\":\"https:\\\/\\\/www.pracht-uebersetzungen.de\\\/wp-content\\\/uploads\\\/2021\\\/10\\\/pracht_180px.png\",\"width\":180,\"height\":180,\"caption\":\"Pracht \u00dcbersetzungen\"},\"image\":{\"@id\":\"https:\\\/\\\/www.pracht-uebersetzungen.de\\\/fr#\\\/schema\\\/logo\\\/image\\\/\"},\"sameAs\":[\"https:\\\/\\\/www.linkedin.com\\\/in\\\/ingrid-pracht-a070714b\\\/\"]}]}<\/script>\n<!-- \/ Yoast SEO plugin. -->","yoast_head_json":{"title":"Corrections d\u2019\u00e9preuves \u2013 Pracht \u00dcbersetzungen","description":"Correction d'\u00e9preuves allemand, anglais, fran\u00e7ais \u2013 style, grammaire, mise en page. Textes pro, web, acad\u00e9miques.","robots":{"index":"index","follow":"follow","max-snippet":"max-snippet:-1","max-image-preview":"max-image-preview:large","max-video-preview":"max-video-preview:-1"},"canonical":"https:\/\/www.pracht-uebersetzungen.de\/fr\/corrections-depreuves","og_locale":"fr_FR","og_type":"article","og_title":"Corrections d\u2019\u00e9preuves \u2013 Pracht \u00dcbersetzungen","og_description":"Correction d'\u00e9preuves allemand, anglais, fran\u00e7ais \u2013 style, grammaire, mise en page. Textes pro, web, acad\u00e9miques.","og_url":"https:\/\/www.pracht-uebersetzungen.de\/fr\/corrections-depreuves","og_site_name":"Pracht \u00dcbersetzungen","article_modified_time":"2025-08-22T09:01:33+00:00","og_image":[{"width":1024,"height":599,"url":"https:\/\/www.pracht-uebersetzungen.de\/wp-content\/uploads\/2021\/10\/slider_gross-1024x599-1.jpg","type":"image\/jpeg"}],"twitter_card":"summary_large_image","twitter_misc":{"Dur\u00e9e de lecture estim\u00e9e":"2 minutes"},"schema":{"@context":"https:\/\/schema.org","@graph":[{"@type":"WebPage","@id":"https:\/\/www.pracht-uebersetzungen.de\/fr\/corrections-depreuves","url":"https:\/\/www.pracht-uebersetzungen.de\/fr\/corrections-depreuves","name":"Corrections d\u2019\u00e9preuves \u2013 Pracht \u00dcbersetzungen","isPartOf":{"@id":"https:\/\/www.pracht-uebersetzungen.de\/fr#website"},"datePublished":"2024-02-06T13:17:23+00:00","dateModified":"2025-08-22T09:01:33+00:00","description":"Correction d'\u00e9preuves allemand, anglais, fran\u00e7ais \u2013 style, grammaire, mise en page. Textes pro, web, acad\u00e9miques.","breadcrumb":{"@id":"https:\/\/www.pracht-uebersetzungen.de\/fr\/corrections-depreuves#breadcrumb"},"inLanguage":"fr-FR","potentialAction":[{"@type":"ReadAction","target":["https:\/\/www.pracht-uebersetzungen.de\/fr\/corrections-depreuves"]}]},{"@type":"BreadcrumbList","@id":"https:\/\/www.pracht-uebersetzungen.de\/fr\/corrections-depreuves#breadcrumb","itemListElement":[{"@type":"ListItem","position":1,"name":"Startseite","item":"https:\/\/www.pracht-uebersetzungen.de\/fr"},{"@type":"ListItem","position":2,"name":"Corrections d\u2019\u00e9preuves"}]},{"@type":"WebSite","@id":"https:\/\/www.pracht-uebersetzungen.de\/fr#website","url":"https:\/\/www.pracht-uebersetzungen.de\/fr","name":"Pracht \u00dcbersetzungen","description":"Fach\u00fcbersetzungen, Lektorate, Beglaubigungen, Sprachschulungen, Bewerbungen","publisher":{"@id":"https:\/\/www.pracht-uebersetzungen.de\/fr#organization"},"alternateName":"Pracht","potentialAction":[{"@type":"SearchAction","target":{"@type":"EntryPoint","urlTemplate":"https:\/\/www.pracht-uebersetzungen.de\/fr?s={search_term_string}"},"query-input":{"@type":"PropertyValueSpecification","valueRequired":true,"valueName":"search_term_string"}}],"inLanguage":"fr-FR"},{"@type":"Organization","@id":"https:\/\/www.pracht-uebersetzungen.de\/fr#organization","name":"Pracht \u00dcbersetzungen","alternateName":"Pracht","url":"https:\/\/www.pracht-uebersetzungen.de\/fr","logo":{"@type":"ImageObject","inLanguage":"fr-FR","@id":"https:\/\/www.pracht-uebersetzungen.de\/fr#\/schema\/logo\/image\/","url":"https:\/\/www.pracht-uebersetzungen.de\/wp-content\/uploads\/2021\/10\/pracht_180px.png","contentUrl":"https:\/\/www.pracht-uebersetzungen.de\/wp-content\/uploads\/2021\/10\/pracht_180px.png","width":180,"height":180,"caption":"Pracht \u00dcbersetzungen"},"image":{"@id":"https:\/\/www.pracht-uebersetzungen.de\/fr#\/schema\/logo\/image\/"},"sameAs":["https:\/\/www.linkedin.com\/in\/ingrid-pracht-a070714b\/"]}]}},"_links":{"self":[{"href":"https:\/\/www.pracht-uebersetzungen.de\/fr\/wp-json\/wp\/v2\/pages\/382","targetHints":{"allow":["GET"]}}],"collection":[{"href":"https:\/\/www.pracht-uebersetzungen.de\/fr\/wp-json\/wp\/v2\/pages"}],"about":[{"href":"https:\/\/www.pracht-uebersetzungen.de\/fr\/wp-json\/wp\/v2\/types\/page"}],"author":[{"embeddable":true,"href":"https:\/\/www.pracht-uebersetzungen.de\/fr\/wp-json\/wp\/v2\/users\/1"}],"replies":[{"embeddable":true,"href":"https:\/\/www.pracht-uebersetzungen.de\/fr\/wp-json\/wp\/v2\/comments?post=382"}],"version-history":[{"count":13,"href":"https:\/\/www.pracht-uebersetzungen.de\/fr\/wp-json\/wp\/v2\/pages\/382\/revisions"}],"predecessor-version":[{"id":793,"href":"https:\/\/www.pracht-uebersetzungen.de\/fr\/wp-json\/wp\/v2\/pages\/382\/revisions\/793"}],"wp:attachment":[{"href":"https:\/\/www.pracht-uebersetzungen.de\/fr\/wp-json\/wp\/v2\/media?parent=382"}],"curies":[{"name":"wp","href":"https:\/\/api.w.org\/{rel}","templated":true}]}}