{"id":477,"date":"2024-02-06T15:28:12","date_gmt":"2024-02-06T15:28:12","guid":{"rendered":"https:\/\/www.pracht-uebersetzungen.de\/?page_id=477"},"modified":"2025-08-22T11:24:44","modified_gmt":"2025-08-22T11:24:44","slug":"traductions-certifiees-conformes","status":"publish","type":"page","link":"https:\/\/www.pracht-uebersetzungen.de\/fr\/traductions-certifiees-conformes","title":{"rendered":"Traductions certifi\u00e9es conformes"},"content":{"rendered":"<div class=\"fusion-fullwidth fullwidth-box fusion-builder-row-1 fusion-flex-container nonhundred-percent-fullwidth non-hundred-percent-height-scrolling\" style=\"--awb-border-radius-top-left:0px;--awb-border-radius-top-right:0px;--awb-border-radius-bottom-right:0px;--awb-border-radius-bottom-left:0px;--awb-flex-wrap:wrap;\" ><div class=\"fusion-builder-row fusion-row fusion-flex-align-items-flex-start fusion-flex-content-wrap\" style=\"max-width:1248px;margin-left: calc(-4% \/ 2 );margin-right: calc(-4% \/ 2 );\"><div class=\"fusion-layout-column fusion_builder_column fusion-builder-column-0 fusion_builder_column_2_3 2_3 fusion-flex-column\" style=\"--awb-padding-right:25px;--awb-bg-size:cover;--awb-border-color:#0046a3;--awb-border-right:2px;--awb-border-style:solid;--awb-width-large:66.666666666667%;--awb-margin-top-large:0px;--awb-spacing-right-large:2.88%;--awb-margin-bottom-large:20px;--awb-spacing-left-large:2.88%;--awb-width-medium:66.666666666667%;--awb-order-medium:0;--awb-spacing-right-medium:2.88%;--awb-spacing-left-medium:2.88%;--awb-width-small:100%;--awb-order-small:0;--awb-spacing-right-small:1.92%;--awb-spacing-left-small:1.92%;\"><div class=\"fusion-column-wrapper fusion-column-has-shadow fusion-flex-justify-content-space-evenly fusion-content-layout-column\"><div class=\"fusion-text fusion-text-1\"><div class=\"main-content content-style\">\n<div class=\"entry-content\">\n<h1><strong>Traductions certifi\u00e9es conformes \u00e0 Erlangen et Nuremberg<\/strong><\/h1>\n<p>Nous vivons dans un monde de plus en plus global et interreli\u00e9.<\/p>\n<p>Mais les formalit\u00e9s restent in\u00e9vitables\u00a0: documents commerciaux, dossiers juridiques, bulletins scolaires et dipl\u00f4mes, attestations de r\u00e9sidence ou documents de mariage, etc. Faire traduire des documents par des experts traducteurs pour obtenir une traduction certifi\u00e9e est n\u00e9cessaire \u00e0 chaque fois qu\u2019une autorit\u00e9 administrative l\u2019exige.<\/p>\n<p>En tant que traductrice asserment\u00e9e, je suis habilit\u00e9e \u00e0 effectuer des traductions certifi\u00e9es conformes dans les combinaisons linguistiques suivantes\u00a0: allemand \u2013 fran\u00e7ais, fran\u00e7ais \u2013 allemand.<\/p>\n<p>Il m\u2019est \u00e9galement possible de signer num\u00e9riquement des documents \u00e0 l&rsquo;aide d&rsquo;une signature \u00e9lectronique et d\u2019envoyer ainsi des traductions certifi\u00e9es en tant que fichier PDF par e-mail.<\/p>\n<\/div>\n<\/div>\n<\/div><\/div><\/div><div class=\"fusion-layout-column fusion_builder_column fusion-builder-column-1 fusion_builder_column_1_3 1_3 fusion-flex-column\" style=\"--awb-padding-top:2%;--awb-padding-right:2%;--awb-padding-bottom:2%;--awb-padding-left:2%;--awb-bg-color:#ffffff;--awb-bg-color-hover:#ffffff;--awb-bg-size:cover;--awb-border-color:#0046a3;--awb-border-style:solid;--awb-width-large:33.333333333333%;--awb-margin-top-large:50px;--awb-spacing-right-large:5.76%;--awb-margin-bottom-large:20px;--awb-spacing-left-large:5.76%;--awb-width-medium:33.333333333333%;--awb-order-medium:0;--awb-spacing-right-medium:5.76%;--awb-spacing-left-medium:5.76%;--awb-width-small:100%;--awb-order-small:0;--awb-spacing-right-small:1.92%;--awb-spacing-left-small:1.92%;\"><div class=\"fusion-column-wrapper fusion-column-has-shadow fusion-flex-justify-content-flex-start fusion-content-layout-column\"><div class=\"fusion-image-element \" style=\"--awb-caption-title-font-family:var(--h2_typography-font-family);--awb-caption-title-font-weight:var(--h2_typography-font-weight);--awb-caption-title-font-style:var(--h2_typography-font-style);--awb-caption-title-size:var(--h2_typography-font-size);--awb-caption-title-transform:var(--h2_typography-text-transform);--awb-caption-title-line-height:var(--h2_typography-line-height);--awb-caption-title-letter-spacing:var(--h2_typography-letter-spacing);\"><span class=\" fusion-imageframe imageframe-none imageframe-1 hover-type-none\"><img decoding=\"async\" width=\"250\" height=\"70\" alt=\"Logo von Ingrid Pracht mit stilisiertem Buchstaben \u201eP\u201c und Schriftzug\" title=\"Prachtlogolinks\" src=\"https:\/\/www.pracht-uebersetzungen.de\/wp-content\/uploads\/2021\/10\/Prachtlogolinks.png\" data-orig-src=\"https:\/\/www.pracht-uebersetzungen.de\/wp-content\/uploads\/2021\/10\/Prachtlogolinks.png\" class=\"lazyload img-responsive wp-image-61\" srcset=\"data:image\/svg+xml,%3Csvg%20xmlns%3D%27http%3A%2F%2Fwww.w3.org%2F2000%2Fsvg%27%20width%3D%27250%27%20height%3D%2770%27%20viewBox%3D%270%200%20250%2070%27%3E%3Crect%20width%3D%27250%27%20height%3D%2770%27%20fill-opacity%3D%220%22%2F%3E%3C%2Fsvg%3E\" data-srcset=\"https:\/\/www.pracht-uebersetzungen.de\/wp-content\/uploads\/2021\/10\/Prachtlogolinks-200x56.png 200w, https:\/\/www.pracht-uebersetzungen.de\/wp-content\/uploads\/2021\/10\/Prachtlogolinks.png 250w\" data-sizes=\"auto\" data-orig-sizes=\"(max-width: 640px) 100vw, 250px\" \/><\/span><\/div><div class=\"fusion-builder-row fusion-builder-row-inner fusion-row fusion-flex-align-items-flex-start fusion-flex-content-wrap\" style=\"--awb-flex-grow:0;--awb-flex-grow-medium:0;--awb-flex-grow-small:0;--awb-flex-shrink:0;--awb-flex-shrink-medium:0;--awb-flex-shrink-small:0;width:104% !important;max-width:104% !important;margin-left: calc(-4% \/ 2 );margin-right: calc(-4% \/ 2 );\"><div class=\"fusion-layout-column fusion_builder_column_inner fusion-builder-nested-column-0 fusion_builder_column_inner_1_6 1_6 fusion-flex-column\" style=\"--awb-bg-size:cover;--awb-width-large:16.666666666667%;--awb-margin-top-large:0px;--awb-spacing-right-large:11.52%;--awb-margin-bottom-large:20px;--awb-spacing-left-large:11.52%;--awb-width-medium:16.666666666667%;--awb-order-medium:0;--awb-spacing-right-medium:11.52%;--awb-spacing-left-medium:11.52%;--awb-width-small:100%;--awb-order-small:0;--awb-spacing-right-small:1.92%;--awb-spacing-left-small:1.92%;\"><div class=\"fusion-column-wrapper fusion-column-has-shadow fusion-flex-justify-content-flex-start fusion-content-layout-column\"><\/div><\/div><div class=\"fusion-layout-column fusion_builder_column_inner fusion-builder-nested-column-1 fusion_builder_column_inner_5_6 5_6 fusion-flex-column\" style=\"--awb-bg-size:cover;--awb-width-large:83.333333333333%;--awb-margin-top-large:0px;--awb-spacing-right-large:2.304%;--awb-margin-bottom-large:20px;--awb-spacing-left-large:2.304%;--awb-width-medium:83.333333333333%;--awb-order-medium:0;--awb-spacing-right-medium:2.304%;--awb-spacing-left-medium:2.304%;--awb-width-small:100%;--awb-order-small:0;--awb-spacing-right-small:1.92%;--awb-spacing-left-small:1.92%;\"><div class=\"fusion-column-wrapper fusion-column-has-shadow fusion-flex-justify-content-flex-start fusion-content-layout-column\"><div class=\"fusion-text fusion-text-2\"><ul>\n<li><a href=\"https:\/\/www.pracht-uebersetzungen.de\/fr\/traductions\">Traductions sp\u00e9cialis\u00e9s<\/a><\/li>\n<li><a href=\"https:\/\/www.pracht-uebersetzungen.de\/fr\/corrections-depreuves\">Correction d\u2019\u00e9preuves<\/a><\/li>\n<li>Traductions certifi\u00e9es conformes<\/li>\n<li><a href=\"https:\/\/www.pracht-uebersetzungen.de\/fr\/formation-linguistique\">Formation linguistiques<\/a><\/li>\n<li><a href=\"https:\/\/www.pracht-uebersetzungen.de\/fr\/demandes-demploi-pour-lallemagne\">Demandes d\u2019emploi<\/a><\/li>\n<\/ul>\n<\/div><\/div><\/div><\/div><div class=\"fusion-builder-row fusion-builder-row-inner fusion-row fusion-flex-align-items-flex-start fusion-flex-content-wrap\" style=\"--awb-flex-grow:0;--awb-flex-grow-medium:0;--awb-flex-grow-small:0;--awb-flex-shrink:0;--awb-flex-shrink-medium:0;--awb-flex-shrink-small:0;width:104% !important;max-width:104% !important;margin-left: calc(-4% \/ 2 );margin-right: calc(-4% \/ 2 );\"><div class=\"fusion-layout-column fusion_builder_column_inner fusion-builder-nested-column-2 fusion_builder_column_inner_2_5 2_5 fusion-flex-column\" style=\"--awb-bg-size:cover;--awb-width-large:40%;--awb-margin-top-large:0px;--awb-spacing-right-large:4.8%;--awb-margin-bottom-large:20px;--awb-spacing-left-large:4.8%;--awb-width-medium:40%;--awb-order-medium:0;--awb-spacing-right-medium:4.8%;--awb-spacing-left-medium:4.8%;--awb-width-small:100%;--awb-order-small:0;--awb-spacing-right-small:1.92%;--awb-spacing-left-small:1.92%;\"><div class=\"fusion-column-wrapper fusion-column-has-shadow fusion-flex-justify-content-flex-start fusion-content-layout-column\"><\/div><\/div><div class=\"fusion-layout-column fusion_builder_column_inner fusion-builder-nested-column-3 fusion_builder_column_inner_3_5 3_5 fusion-flex-column\" style=\"--awb-bg-size:cover;--awb-width-large:60%;--awb-margin-top-large:0px;--awb-spacing-right-large:3.2%;--awb-margin-bottom-large:20px;--awb-spacing-left-large:3.2%;--awb-width-medium:60%;--awb-order-medium:0;--awb-spacing-right-medium:3.2%;--awb-spacing-left-medium:3.2%;--awb-width-small:100%;--awb-order-small:0;--awb-spacing-right-small:1.92%;--awb-spacing-left-small:1.92%;\"><div class=\"fusion-column-wrapper fusion-column-has-shadow fusion-flex-justify-content-flex-start fusion-content-layout-column\"><div class=\"fusion-image-element \" style=\"--awb-caption-title-font-family:var(--h2_typography-font-family);--awb-caption-title-font-weight:var(--h2_typography-font-weight);--awb-caption-title-font-style:var(--h2_typography-font-style);--awb-caption-title-size:var(--h2_typography-font-size);--awb-caption-title-transform:var(--h2_typography-text-transform);--awb-caption-title-line-height:var(--h2_typography-line-height);--awb-caption-title-letter-spacing:var(--h2_typography-letter-spacing);\"><span class=\" fusion-imageframe imageframe-none imageframe-2 hover-type-none\"><img decoding=\"async\" width=\"300\" height=\"73\" alt=\"Logo des BD\u00dc \u2013 Mitglied im Bundesverband der Dolmetscher und \u00dcbersetzer\" title=\"Mitgliedslogo_lang_de\" src=\"https:\/\/www.pracht-uebersetzungen.de\/wp-content\/uploads\/2024\/02\/Mitgliedslogo_lang_de.png\" data-orig-src=\"https:\/\/www.pracht-uebersetzungen.de\/wp-content\/uploads\/2024\/02\/Mitgliedslogo_lang_de-300x73.png\" class=\"lazyload img-responsive wp-image-367\" srcset=\"data:image\/svg+xml,%3Csvg%20xmlns%3D%27http%3A%2F%2Fwww.w3.org%2F2000%2Fsvg%27%20width%3D%27331%27%20height%3D%2780%27%20viewBox%3D%270%200%20331%2080%27%3E%3Crect%20width%3D%27331%27%20height%3D%2780%27%20fill-opacity%3D%220%22%2F%3E%3C%2Fsvg%3E\" data-srcset=\"https:\/\/www.pracht-uebersetzungen.de\/wp-content\/uploads\/2024\/02\/Mitgliedslogo_lang_de-200x48.png 200w, https:\/\/www.pracht-uebersetzungen.de\/wp-content\/uploads\/2024\/02\/Mitgliedslogo_lang_de.png 331w\" data-sizes=\"auto\" data-orig-sizes=\"(max-width: 640px) 100vw, 300px\" \/><\/span><\/div><\/div><\/div><\/div><\/div><\/div><\/div><\/div>\n","protected":false},"excerpt":{"rendered":"","protected":false},"author":1,"featured_media":0,"parent":0,"menu_order":0,"comment_status":"closed","ping_status":"closed","template":"","meta":{"footnotes":""},"class_list":["post-477","page","type-page","status-publish","hentry"],"yoast_head":"<!-- This site is optimized with the Yoast SEO plugin v27.4 - https:\/\/yoast.com\/product\/yoast-seo-wordpress\/ -->\n<title>Traductions certifi\u00e9es conformes \u2013 Pracht \u00dcbersetzungen<\/title>\n<meta name=\"description\" content=\"Traductions certifi\u00e9es conformes de divers types de documents en fran\u00e7ais, anglais et allemand. \u00c0 Erlangen et Nuremberg.\" \/>\n<meta name=\"robots\" content=\"index, follow, max-snippet:-1, max-image-preview:large, max-video-preview:-1\" \/>\n<link rel=\"canonical\" href=\"https:\/\/www.pracht-uebersetzungen.de\/fr\/traductions-certifiees-conformes\" \/>\n<meta property=\"og:locale\" content=\"fr_FR\" \/>\n<meta property=\"og:type\" content=\"article\" \/>\n<meta property=\"og:title\" content=\"Traductions certifi\u00e9es conformes \u2013 Pracht \u00dcbersetzungen\" \/>\n<meta property=\"og:description\" content=\"Traductions certifi\u00e9es conformes de divers types de documents en fran\u00e7ais, anglais et allemand. \u00c0 Erlangen et Nuremberg.\" \/>\n<meta property=\"og:url\" content=\"https:\/\/www.pracht-uebersetzungen.de\/fr\/traductions-certifiees-conformes\" \/>\n<meta property=\"og:site_name\" content=\"Pracht \u00dcbersetzungen\" \/>\n<meta property=\"article:modified_time\" content=\"2025-08-22T11:24:44+00:00\" \/>\n<meta property=\"og:image\" content=\"https:\/\/www.pracht-uebersetzungen.de\/wp-content\/uploads\/2021\/10\/slider_gross-1024x599-1.jpg\" \/>\n\t<meta property=\"og:image:width\" content=\"1024\" \/>\n\t<meta property=\"og:image:height\" content=\"599\" \/>\n\t<meta property=\"og:image:type\" content=\"image\/jpeg\" \/>\n<meta name=\"twitter:card\" content=\"summary_large_image\" \/>\n<meta name=\"twitter:label1\" content=\"Dur\u00e9e de lecture estim\u00e9e\" \/>\n\t<meta name=\"twitter:data1\" content=\"2 minutes\" \/>\n<script type=\"application\/ld+json\" class=\"yoast-schema-graph\">{\"@context\":\"https:\\\/\\\/schema.org\",\"@graph\":[{\"@type\":\"WebPage\",\"@id\":\"https:\\\/\\\/www.pracht-uebersetzungen.de\\\/fr\\\/traductions-certifiees-conformes\",\"url\":\"https:\\\/\\\/www.pracht-uebersetzungen.de\\\/fr\\\/traductions-certifiees-conformes\",\"name\":\"Traductions certifi\u00e9es conformes \u2013 Pracht \u00dcbersetzungen\",\"isPartOf\":{\"@id\":\"https:\\\/\\\/www.pracht-uebersetzungen.de\\\/fr#website\"},\"datePublished\":\"2024-02-06T15:28:12+00:00\",\"dateModified\":\"2025-08-22T11:24:44+00:00\",\"description\":\"Traductions certifi\u00e9es conformes de divers types de documents en fran\u00e7ais, anglais et allemand. \u00c0 Erlangen et Nuremberg.\",\"breadcrumb\":{\"@id\":\"https:\\\/\\\/www.pracht-uebersetzungen.de\\\/fr\\\/traductions-certifiees-conformes#breadcrumb\"},\"inLanguage\":\"fr-FR\",\"potentialAction\":[{\"@type\":\"ReadAction\",\"target\":[\"https:\\\/\\\/www.pracht-uebersetzungen.de\\\/fr\\\/traductions-certifiees-conformes\"]}]},{\"@type\":\"BreadcrumbList\",\"@id\":\"https:\\\/\\\/www.pracht-uebersetzungen.de\\\/fr\\\/traductions-certifiees-conformes#breadcrumb\",\"itemListElement\":[{\"@type\":\"ListItem\",\"position\":1,\"name\":\"Startseite\",\"item\":\"https:\\\/\\\/www.pracht-uebersetzungen.de\\\/fr\"},{\"@type\":\"ListItem\",\"position\":2,\"name\":\"Traductions certifi\u00e9es conformes\"}]},{\"@type\":\"WebSite\",\"@id\":\"https:\\\/\\\/www.pracht-uebersetzungen.de\\\/fr#website\",\"url\":\"https:\\\/\\\/www.pracht-uebersetzungen.de\\\/fr\",\"name\":\"Pracht \u00dcbersetzungen\",\"description\":\"Fach\u00fcbersetzungen, Lektorate, Beglaubigungen, Sprachschulungen, Bewerbungen\",\"publisher\":{\"@id\":\"https:\\\/\\\/www.pracht-uebersetzungen.de\\\/fr#organization\"},\"alternateName\":\"Pracht\",\"potentialAction\":[{\"@type\":\"SearchAction\",\"target\":{\"@type\":\"EntryPoint\",\"urlTemplate\":\"https:\\\/\\\/www.pracht-uebersetzungen.de\\\/fr?s={search_term_string}\"},\"query-input\":{\"@type\":\"PropertyValueSpecification\",\"valueRequired\":true,\"valueName\":\"search_term_string\"}}],\"inLanguage\":\"fr-FR\"},{\"@type\":\"Organization\",\"@id\":\"https:\\\/\\\/www.pracht-uebersetzungen.de\\\/fr#organization\",\"name\":\"Pracht \u00dcbersetzungen\",\"alternateName\":\"Pracht\",\"url\":\"https:\\\/\\\/www.pracht-uebersetzungen.de\\\/fr\",\"logo\":{\"@type\":\"ImageObject\",\"inLanguage\":\"fr-FR\",\"@id\":\"https:\\\/\\\/www.pracht-uebersetzungen.de\\\/fr#\\\/schema\\\/logo\\\/image\\\/\",\"url\":\"https:\\\/\\\/www.pracht-uebersetzungen.de\\\/wp-content\\\/uploads\\\/2021\\\/10\\\/pracht_180px.png\",\"contentUrl\":\"https:\\\/\\\/www.pracht-uebersetzungen.de\\\/wp-content\\\/uploads\\\/2021\\\/10\\\/pracht_180px.png\",\"width\":180,\"height\":180,\"caption\":\"Pracht \u00dcbersetzungen\"},\"image\":{\"@id\":\"https:\\\/\\\/www.pracht-uebersetzungen.de\\\/fr#\\\/schema\\\/logo\\\/image\\\/\"},\"sameAs\":[\"https:\\\/\\\/www.linkedin.com\\\/in\\\/ingrid-pracht-a070714b\\\/\"]}]}<\/script>\n<!-- \/ Yoast SEO plugin. -->","yoast_head_json":{"title":"Traductions certifi\u00e9es conformes \u2013 Pracht \u00dcbersetzungen","description":"Traductions certifi\u00e9es conformes de divers types de documents en fran\u00e7ais, anglais et allemand. \u00c0 Erlangen et Nuremberg.","robots":{"index":"index","follow":"follow","max-snippet":"max-snippet:-1","max-image-preview":"max-image-preview:large","max-video-preview":"max-video-preview:-1"},"canonical":"https:\/\/www.pracht-uebersetzungen.de\/fr\/traductions-certifiees-conformes","og_locale":"fr_FR","og_type":"article","og_title":"Traductions certifi\u00e9es conformes \u2013 Pracht \u00dcbersetzungen","og_description":"Traductions certifi\u00e9es conformes de divers types de documents en fran\u00e7ais, anglais et allemand. \u00c0 Erlangen et Nuremberg.","og_url":"https:\/\/www.pracht-uebersetzungen.de\/fr\/traductions-certifiees-conformes","og_site_name":"Pracht \u00dcbersetzungen","article_modified_time":"2025-08-22T11:24:44+00:00","og_image":[{"width":1024,"height":599,"url":"https:\/\/www.pracht-uebersetzungen.de\/wp-content\/uploads\/2021\/10\/slider_gross-1024x599-1.jpg","type":"image\/jpeg"}],"twitter_card":"summary_large_image","twitter_misc":{"Dur\u00e9e de lecture estim\u00e9e":"2 minutes"},"schema":{"@context":"https:\/\/schema.org","@graph":[{"@type":"WebPage","@id":"https:\/\/www.pracht-uebersetzungen.de\/fr\/traductions-certifiees-conformes","url":"https:\/\/www.pracht-uebersetzungen.de\/fr\/traductions-certifiees-conformes","name":"Traductions certifi\u00e9es conformes \u2013 Pracht \u00dcbersetzungen","isPartOf":{"@id":"https:\/\/www.pracht-uebersetzungen.de\/fr#website"},"datePublished":"2024-02-06T15:28:12+00:00","dateModified":"2025-08-22T11:24:44+00:00","description":"Traductions certifi\u00e9es conformes de divers types de documents en fran\u00e7ais, anglais et allemand. \u00c0 Erlangen et Nuremberg.","breadcrumb":{"@id":"https:\/\/www.pracht-uebersetzungen.de\/fr\/traductions-certifiees-conformes#breadcrumb"},"inLanguage":"fr-FR","potentialAction":[{"@type":"ReadAction","target":["https:\/\/www.pracht-uebersetzungen.de\/fr\/traductions-certifiees-conformes"]}]},{"@type":"BreadcrumbList","@id":"https:\/\/www.pracht-uebersetzungen.de\/fr\/traductions-certifiees-conformes#breadcrumb","itemListElement":[{"@type":"ListItem","position":1,"name":"Startseite","item":"https:\/\/www.pracht-uebersetzungen.de\/fr"},{"@type":"ListItem","position":2,"name":"Traductions certifi\u00e9es conformes"}]},{"@type":"WebSite","@id":"https:\/\/www.pracht-uebersetzungen.de\/fr#website","url":"https:\/\/www.pracht-uebersetzungen.de\/fr","name":"Pracht \u00dcbersetzungen","description":"Fach\u00fcbersetzungen, Lektorate, Beglaubigungen, Sprachschulungen, Bewerbungen","publisher":{"@id":"https:\/\/www.pracht-uebersetzungen.de\/fr#organization"},"alternateName":"Pracht","potentialAction":[{"@type":"SearchAction","target":{"@type":"EntryPoint","urlTemplate":"https:\/\/www.pracht-uebersetzungen.de\/fr?s={search_term_string}"},"query-input":{"@type":"PropertyValueSpecification","valueRequired":true,"valueName":"search_term_string"}}],"inLanguage":"fr-FR"},{"@type":"Organization","@id":"https:\/\/www.pracht-uebersetzungen.de\/fr#organization","name":"Pracht \u00dcbersetzungen","alternateName":"Pracht","url":"https:\/\/www.pracht-uebersetzungen.de\/fr","logo":{"@type":"ImageObject","inLanguage":"fr-FR","@id":"https:\/\/www.pracht-uebersetzungen.de\/fr#\/schema\/logo\/image\/","url":"https:\/\/www.pracht-uebersetzungen.de\/wp-content\/uploads\/2021\/10\/pracht_180px.png","contentUrl":"https:\/\/www.pracht-uebersetzungen.de\/wp-content\/uploads\/2021\/10\/pracht_180px.png","width":180,"height":180,"caption":"Pracht \u00dcbersetzungen"},"image":{"@id":"https:\/\/www.pracht-uebersetzungen.de\/fr#\/schema\/logo\/image\/"},"sameAs":["https:\/\/www.linkedin.com\/in\/ingrid-pracht-a070714b\/"]}]}},"_links":{"self":[{"href":"https:\/\/www.pracht-uebersetzungen.de\/fr\/wp-json\/wp\/v2\/pages\/477","targetHints":{"allow":["GET"]}}],"collection":[{"href":"https:\/\/www.pracht-uebersetzungen.de\/fr\/wp-json\/wp\/v2\/pages"}],"about":[{"href":"https:\/\/www.pracht-uebersetzungen.de\/fr\/wp-json\/wp\/v2\/types\/page"}],"author":[{"embeddable":true,"href":"https:\/\/www.pracht-uebersetzungen.de\/fr\/wp-json\/wp\/v2\/users\/1"}],"replies":[{"embeddable":true,"href":"https:\/\/www.pracht-uebersetzungen.de\/fr\/wp-json\/wp\/v2\/comments?post=477"}],"version-history":[{"count":8,"href":"https:\/\/www.pracht-uebersetzungen.de\/fr\/wp-json\/wp\/v2\/pages\/477\/revisions"}],"predecessor-version":[{"id":853,"href":"https:\/\/www.pracht-uebersetzungen.de\/fr\/wp-json\/wp\/v2\/pages\/477\/revisions\/853"}],"wp:attachment":[{"href":"https:\/\/www.pracht-uebersetzungen.de\/fr\/wp-json\/wp\/v2\/media?parent=477"}],"curies":[{"name":"wp","href":"https:\/\/api.w.org\/{rel}","templated":true}]}}